{"id":750,"date":"2025-08-19T18:28:59","date_gmt":"2025-08-19T16:28:59","guid":{"rendered":"https:\/\/nves.fmcreation.net\/nves\/?page_id=750"},"modified":"2025-08-22T13:15:14","modified_gmt":"2025-08-22T11:15:14","slug":"nous-rejoindre","status":"publish","type":"page","link":"https:\/\/nves.fmcreation.net\/nves\/nous-rejoindre\/","title":{"rendered":"Nous rejoindre"},"content":{"rendered":"<p>[et_pb_section fb_built=&#8221;1&#8243; _builder_version=&#8221;4.27.4&#8243; _module_preset=&#8221;default&#8221; background_color=&#8221;RGBA(255,255,255,0)&#8221; background_enable_color=&#8221;off&#8221; background_image=&#8221;https:\/\/nves.fmcreation.net\/nves\/wp-content\/uploads\/2025\/08\/nous-rejoindre-header-scaled.webp&#8221; custom_padding=&#8221;110px||56px|||&#8221; background_last_edited=&#8221;off|desktop&#8221; background_image_phone=&#8221;https:\/\/nves.fmcreation.net\/nves\/wp-content\/uploads\/2025\/08\/header-nves-tel.webp&#8221; background_enable_image_phone=&#8221;on&#8221; locked=&#8221;off&#8221; global_colors_info=&#8221;{}&#8221;][et_pb_row custom_padding_last_edited=&#8221;on|phone&#8221; _builder_version=&#8221;4.27.4&#8243; _module_preset=&#8221;default&#8221; background_color=&#8221;RGBA(255,255,255,0)&#8221; width=&#8221;90%&#8221; max_width=&#8221;1380px&#8221; custom_margin=&#8221;|auto||auto|false|false&#8221; custom_margin_tablet=&#8221;||||false|false&#8221; custom_margin_phone=&#8221;10vh||||false|false&#8221; custom_margin_last_edited=&#8221;on|desktop&#8221; custom_padding=&#8221;||16px||false|false&#8221; custom_padding_tablet=&#8221;||||false|false&#8221; custom_padding_phone=&#8221;|25px||25px|false|false&#8221; background_last_edited=&#8221;on|phone&#8221; background_enable_color_phone=&#8221;off&#8221; use_background_color_gradient_phone=&#8221;on&#8221; background_color_gradient_stops_phone=&#8221;#ffffff 17%|rgba(41,196,169,0) 99%&#8221; global_colors_info=&#8221;{}&#8221;][et_pb_column type=&#8221;4_4&#8243; _builder_version=&#8221;4.27.4&#8243; _module_preset=&#8221;default&#8221; global_colors_info=&#8221;{}&#8221;][et_pb_text _builder_version=&#8221;4.27.4&#8243; _module_preset=&#8221;default&#8221; header_font=&#8221;Philosopher||||||||&#8221; header_text_color=&#8221;#894d93&#8243; header_font_size=&#8221;55px&#8221; header_line_height=&#8221;1.1em&#8221; header_2_font=&#8221;Philosopher||||||||&#8221; header_2_font_size=&#8221;30px&#8221; header_2_line_height=&#8221;1.6em&#8221; custom_margin=&#8221;||9px|||&#8221; header_font_size_tablet=&#8221;55px&#8221; header_font_size_phone=&#8221;40px&#8221; header_font_size_last_edited=&#8221;on|phone&#8221; header_line_height_tablet=&#8221;1.1em&#8221; header_line_height_phone=&#8221;1.1em&#8221; header_line_height_last_edited=&#8221;on|desktop&#8221; header_2_font_size_tablet=&#8221;30px&#8221; header_2_font_size_phone=&#8221;25px&#8221; header_2_font_size_last_edited=&#8221;on|phone&#8221; global_colors_info=&#8221;{}&#8221;]<\/p>\n<h2><span style=\"color: #000;\">Collectif NVES<\/span><\/h2>\n<h1>N<span style=\"color: #000000;\">ous rejoindre<\/span><\/h1>\n<p>[\/et_pb_text][et_pb_divider _builder_version=&#8221;4.27.4&#8243; _module_preset=&#8221;default&#8221; max_width=&#8221;400px&#8221; custom_margin=&#8221;||19px|||&#8221; global_colors_info=&#8221;{}&#8221;][\/et_pb_divider][\/et_pb_column][\/et_pb_row][\/et_pb_section][et_pb_section fb_built=&#8221;1&#8243; _builder_version=&#8221;4.27.4&#8243; _module_preset=&#8221;default&#8221; background_color=&#8221;#FFFFFF&#8221; background_image=&#8221;https:\/\/nves.fmcreation.net\/nves\/wp-content\/uploads\/2025\/08\/fond-saintois.webp&#8221; parallax=&#8221;on&#8221; parallax_method=&#8221;off&#8221; custom_padding=&#8221;80px|||||&#8221; locked=&#8221;off&#8221; global_colors_info=&#8221;{}&#8221;][et_pb_row column_structure=&#8221;1_2,1_2&#8243; make_equal=&#8221;on&#8221; _builder_version=&#8221;4.27.4&#8243; _module_preset=&#8221;default&#8221; width=&#8221;90%&#8221; max_width=&#8221;1400px&#8221; custom_margin=&#8221;0px||0px||false|false&#8221; custom_padding=&#8221;0px||0px||false|false&#8221; global_colors_info=&#8221;{}&#8221;][et_pb_column type=&#8221;1_2&#8243; _builder_version=&#8221;4.27.4&#8243; _module_preset=&#8221;default&#8221; global_colors_info=&#8221;{}&#8221;][et_pb_image src=&#8221;https:\/\/nves.fmcreation.net\/nves\/wp-content\/uploads\/2025\/08\/icon.png&#8221; title_text=&#8221;icon&#8221; align=&#8221;center&#8221; module_class=&#8221;rotate&#8221; _builder_version=&#8221;4.27.4&#8243; _module_preset=&#8221;default&#8221; max_width=&#8221;200px&#8221; module_alignment=&#8221;center&#8221; global_colors_info=&#8221;{}&#8221;][\/et_pb_image][et_pb_text _builder_version=&#8221;4.27.4&#8243; _module_preset=&#8221;default&#8221; custom_css_free_form=&#8221;selector ul {||  padding: 1em 0 23px 1em;||}&#8221; global_colors_info=&#8221;{}&#8221;]<\/p>\n<p>Vous cherchez une activit\u00e9 b\u00e9n\u00e9vole \u00e9panouissante ? Le Collectif &#8220;Nous vieillirons ensemble dans le Saintois&#8221; a besoin de vous !<\/p>\n<p>En donnant un peu de votre temps libre, vous apporterez \u00e9changes et moments de partage \u00e0 ceux qui en ont le plus besoin.<\/p>\n<p>Que vous disposiez d&#8217;1h par semaine ou plus, votre engagement bienveillant aura un v\u00e9ritable impact.<\/p>\n<p>[\/et_pb_text][dipl_button _builder_version=&#8221;4.27.4&#8243; _module_preset=&#8221;default&#8221; button_letter_spacing=&#8221;0.2px&#8221; hover_enabled=&#8221;0&#8243; border_color_all_last_edited=&#8221;off|phone&#8221; locked=&#8221;off&#8221; global_colors_info=&#8221;{}&#8221; button_text_color__hover_enabled=&#8221;off|desktop&#8221; button_text_color__hover=&#8221;#000000&#8243; border_color_all__hover_enabled=&#8221;off|desktop&#8221; border_color_all__hover=&#8221;#000000&#8243; sticky_enabled=&#8221;0&#8243;][dipl_button_item button_text=&#8221;Nous contacter&#8221; button_url=&#8221;#contact&#8221; button_bg_color=&#8221;#894d93&#8243; button_alignment=&#8221;center&#8221; button_custom_padding=&#8221;|30px||30px|false|false&#8221; button_alignment_tablet=&#8221;center&#8221; button_alignment_phone=&#8221;center&#8221; button_alignment_last_edited=&#8221;off|desktop&#8221; _builder_version=&#8221;4.27.4&#8243; _module_preset=&#8221;default&#8221; button_font=&#8221;&#8211;et_global_body_font|||on|||||&#8221; button_text_color=&#8221;#FFFFFF&#8221; button_letter_spacing=&#8221;0px&#8221; text_orientation=&#8221;left&#8221; hover_enabled=&#8221;0&#8243; button_font_size_tablet=&#8221;&#8221; button_font_size_phone=&#8221;16px&#8221; button_font_size_last_edited=&#8221;on|phone&#8221; border_radii=&#8221;off|30px||30px|&#8221; border_width_all=&#8221;1px&#8221; border_color_all=&#8221;#894d93&#8243; global_colors_info=&#8221;{}&#8221; button_bg_color__hover_enabled=&#8221;on|hover&#8221; button_bg_color__hover=&#8221;#000000&#8243; button_bg_enable_color__hover=&#8221;on&#8221; border_color_all__hover_enabled=&#8221;on|hover&#8221; border_color_all__hover=&#8221;#000000&#8243; button_text_color__hover_enabled=&#8221;on|hover&#8221; button_text_color__hover=&#8221;#FFFFFF&#8221; button_bg_enable_color=&#8221;on&#8221; sticky_enabled=&#8221;0&#8243;][\/dipl_button_item][\/dipl_button][\/et_pb_column][et_pb_column type=&#8221;1_2&#8243; _builder_version=&#8221;4.27.4&#8243; _module_preset=&#8221;default&#8221; global_colors_info=&#8221;{}&#8221;][et_pb_text admin_label=&#8221;Notre actualit\u00e9&#8221; _builder_version=&#8221;4.27.4&#8243; _module_preset=&#8221;default&#8221; header_text_color=&#8221;#242632&#8243; header_2_font=&#8221;|300|||||||&#8221; header_2_text_color=&#8221;#000000&#8243; header_2_font_size=&#8221;50px&#8221; header_2_line_height=&#8221;1.1em&#8221; background_layout=&#8221;dark&#8221; width_tablet=&#8221;200%&#8221; width_phone=&#8221;80vw&#8221; width_last_edited=&#8221;off|desktop&#8221; custom_margin_tablet=&#8221;29px|||30px|false|false&#8221; custom_margin_phone=&#8221;|||0px|false|false&#8221; custom_margin_last_edited=&#8221;off|desktop&#8221; header_2_font_size_tablet=&#8221;50px&#8221; header_2_font_size_phone=&#8221;45px&#8221; header_2_font_size_last_edited=&#8221;on|phone&#8221; border_width_bottom=&#8221;1px&#8221; border_color_bottom=&#8221;#000000&#8243; global_colors_info=&#8221;{}&#8221;]<\/p>\n<h2>Devenir <strong>b\u00e9n\u00e9vole<\/strong><\/h2>\n<p>[\/et_pb_text][et_pb_text _builder_version=&#8221;4.27.4&#8243; _module_preset=&#8221;default&#8221; custom_css_free_form=&#8221;selector ul {||  padding: 1em 0 23px 1em;||}&#8221; global_colors_info=&#8221;{}&#8221;]<\/p>\n<p>Engagez-vous dans une action solidaire qui a fait ses preuves !<\/p>\n<p>Depuis 2015, le Collectif Nous Vieillirons Ensemble dans le Saintois lutte contre l\u2019isolement des seniors et personnes en perte d\u2019autonomie. En 2023, cette initiative citoyenne s&#8217;est structur\u00e9e en association loi 1901 pour amplifier son action.<\/p>\n<p>Gr\u00e2ce \u00e0 des b\u00e9n\u00e9voles engag\u00e9s, le Collectif cr\u00e9e du lien et apporte r\u00e9confort aux plus vuln\u00e9rables. Votre implication bienveillante aura un v\u00e9ritable impact sur le quotidien de personnes isol\u00e9es.<\/p>\n<p>Rejoignez une \u00e9quipe dynamique ancr\u00e9e dans le territoire, soutenue par les acteurs locaux, et qui a besoin de vous pour atteindre ses objectifs. <strong>Ensemble, tissons un r\u00e9seau solidaire dans le Saintois !<\/strong><\/p>\n<p>[\/et_pb_text][dipl_button _builder_version=&#8221;4.27.4&#8243; _module_preset=&#8221;default&#8221; button_letter_spacing=&#8221;0.2px&#8221; hover_enabled=&#8221;0&#8243; border_color_all_last_edited=&#8221;off|phone&#8221; locked=&#8221;off&#8221; global_colors_info=&#8221;{}&#8221; button_text_color__hover_enabled=&#8221;off|desktop&#8221; button_text_color__hover=&#8221;#000000&#8243; border_color_all__hover_enabled=&#8221;off|desktop&#8221; border_color_all__hover=&#8221;#000000&#8243; sticky_enabled=&#8221;0&#8243;][dipl_button_item button_text=&#8221;T\u00e9l\u00e9charger le bulletin d&#8217;adh\u00e9sion&#8221; button_url=&#8221;@ET-DC@eyJkeW5hbWljIjp0cnVlLCJjb250ZW50IjoicG9zdF9saW5rX3VybF9hdHRhY2htZW50Iiwic2V0dGluZ3MiOnsicG9zdF9pZCI6IjkzMSJ9fQ==@&#8221; button_bg_color=&#8221;#894d93&#8243; button_alignment=&#8221;center&#8221; button_custom_padding=&#8221;|30px||30px|false|false&#8221; button_alignment_tablet=&#8221;center&#8221; button_alignment_phone=&#8221;center&#8221; button_alignment_last_edited=&#8221;off|desktop&#8221; _builder_version=&#8221;4.27.4&#8243; _dynamic_attributes=&#8221;button_url&#8221; _module_preset=&#8221;default&#8221; button_font=&#8221;&#8211;et_global_body_font|||on|||||&#8221; button_text_color=&#8221;#FFFFFF&#8221; button_letter_spacing=&#8221;0px&#8221; text_orientation=&#8221;center&#8221; hover_enabled=&#8221;0&#8243; button_font_size_tablet=&#8221;&#8221; button_font_size_phone=&#8221;16px&#8221; button_font_size_last_edited=&#8221;on|phone&#8221; border_radii=&#8221;off|30px||30px|&#8221; border_width_all=&#8221;1px&#8221; border_color_all=&#8221;#894d93&#8243; global_colors_info=&#8221;{}&#8221; button_bg_color__hover_enabled=&#8221;on|desktop&#8221; button_bg_color__hover=&#8221;#000000&#8243; button_bg_enable_color__hover=&#8221;on&#8221; border_color_all__hover_enabled=&#8221;on|hover&#8221; border_color_all__hover=&#8221;#000000&#8243; button_text_color__hover_enabled=&#8221;on|hover&#8221; button_text_color__hover=&#8221;#FFFFFF&#8221; button_bg_enable_color=&#8221;on&#8221; sticky_enabled=&#8221;0&#8243;][\/dipl_button_item][\/dipl_button][\/et_pb_column][\/et_pb_row][\/et_pb_section][et_pb_section fb_built=&#8221;1&#8243; _builder_version=&#8221;4.27.4&#8243; _module_preset=&#8221;default&#8221; background_color=&#8221;#FFFFFF&#8221; background_image=&#8221;https:\/\/nves.fmcreation.net\/nves\/wp-content\/uploads\/2025\/08\/fond-saintois.webp&#8221; parallax=&#8221;on&#8221; parallax_method=&#8221;off&#8221; custom_padding=&#8221;21px|||||&#8221; locked=&#8221;off&#8221; global_colors_info=&#8221;{}&#8221;][et_pb_row _builder_version=&#8221;4.27.4&#8243; _module_preset=&#8221;default&#8221; width=&#8221;90%&#8221; max_width=&#8221;1400px&#8221; custom_padding=&#8221;57px|||||&#8221; locked=&#8221;off&#8221; global_colors_info=&#8221;{}&#8221;][et_pb_column type=&#8221;4_4&#8243; _builder_version=&#8221;4.27.4&#8243; _module_preset=&#8221;default&#8221; global_colors_info=&#8221;{}&#8221;][et_pb_text admin_label=&#8221;Nos prochaines actions&#8221; _builder_version=&#8221;4.27.4&#8243; _module_preset=&#8221;default&#8221; header_text_color=&#8221;#242632&#8243; header_2_font=&#8221;|300|||||||&#8221; header_2_text_color=&#8221;#000000&#8243; header_2_font_size=&#8221;50px&#8221; header_2_line_height=&#8221;1.2em&#8221; width_tablet=&#8221;200%&#8221; width_phone=&#8221;80vw&#8221; width_last_edited=&#8221;off|desktop&#8221; custom_margin_tablet=&#8221;29px|||30px|false|false&#8221; custom_margin_phone=&#8221;|||0px|false|false&#8221; custom_margin_last_edited=&#8221;off|desktop&#8221; header_2_font_size_tablet=&#8221;50px&#8221; header_2_font_size_phone=&#8221;45px&#8221; header_2_font_size_last_edited=&#8221;on|phone&#8221; border_width_bottom=&#8221;1px&#8221; border_color_bottom=&#8221;#000000&#8243; global_colors_info=&#8221;{}&#8221;]<\/p>\n<h2>Nos prochaines <strong>actions<\/strong><\/h2>\n<p>[\/et_pb_text][et_pb_text admin_label=&#8221;Agenda&#8221; _builder_version=&#8221;4.27.4&#8243; _module_preset=&#8221;default&#8221; text_text_color=&#8221;#000000&#8243; header_4_font=&#8221;&#8211;et_global_heading_font||||||||&#8221; custom_css_free_form=&#8221;selector .mec-masonry-content.mec-event-grid-modern .mec-event-description {||  color: #000 ;||    padding-top: 0px;||}||selector .mec-masonry .mec-masonry-col6 .mec-event-month, selector .mec-masonry .mec-masonry-col6 h6 {||    text-transform: capitalize;||    font-size: 16px;||    padding: 4px 0;||    display: inline;||    color: #000;||}||||selector .mec-masonry .mec-masonry-col6 .mec-event-detail, selector .mec-masonry .mec-masonry-col6 address {||    font-size: 14px;||    margin-bottom: 0;||    color: #000;||}||||selector .mec-masonry .mec-events-content p {||    color: #000;||    margin-bottom: 0px;||}||selector .mec-masonry .mec-masonry-col6 h6 {||line-height: 1em;||  }&#8221; global_colors_info=&#8221;{}&#8221;]<div class=\"mec-wrap mec-skin-masonry-container  colorskin-custom  \" id=\"mec_skin_693\" data-filterby=\"\" data-sortascending=\"1\">\r\n    \r\n        <div class=\"mec-skin-masonry-events-container\" id=\"mec_skin_events_693\">\r\n        Aucun \u00e9v\u00e9nement n'a \u00e9t\u00e9 trouv\u00e9.    <\/div>\r\n    \r\n    <\/div>\r\n[\/et_pb_text][dipl_button _builder_version=&#8221;4.27.4&#8243; _module_preset=&#8221;default&#8221; button_letter_spacing=&#8221;0.2px&#8221; hover_enabled=&#8221;0&#8243; border_color_all_last_edited=&#8221;off|phone&#8221; locked=&#8221;off&#8221; global_colors_info=&#8221;{}&#8221; button_text_color__hover_enabled=&#8221;off|desktop&#8221; button_text_color__hover=&#8221;#000000&#8243; border_color_all__hover_enabled=&#8221;off|desktop&#8221; border_color_all__hover=&#8221;#000000&#8243; sticky_enabled=&#8221;0&#8243;][dipl_button_item button_text=&#8221;D\u00e9couvrir toutes nos actions&#8221; button_url=&#8221;@ET-DC@eyJkeW5hbWljIjp0cnVlLCJjb250ZW50IjoicG9zdF9saW5rX3VybF9wYWdlIiwic2V0dGluZ3MiOnsicG9zdF9pZCI6IjQ4MiJ9fQ==@&#8221; button_bg_color=&#8221;#894d93&#8243; button_alignment=&#8221;center&#8221; button_custom_padding=&#8221;|30px||30px|false|false&#8221; button_alignment_tablet=&#8221;center&#8221; button_alignment_phone=&#8221;center&#8221; button_alignment_last_edited=&#8221;off|desktop&#8221; _builder_version=&#8221;4.27.4&#8243; _dynamic_attributes=&#8221;button_url&#8221; _module_preset=&#8221;default&#8221; button_font=&#8221;&#8211;et_global_body_font|||on|||||&#8221; button_text_color=&#8221;#FFFFFF&#8221; button_letter_spacing=&#8221;0px&#8221; text_orientation=&#8221;left&#8221; hover_enabled=&#8221;0&#8243; button_font_size_tablet=&#8221;&#8221; button_font_size_phone=&#8221;16px&#8221; button_font_size_last_edited=&#8221;on|phone&#8221; border_radii=&#8221;off|30px||30px|&#8221; border_width_all=&#8221;1px&#8221; border_color_all=&#8221;#894d93&#8243; global_colors_info=&#8221;{}&#8221; button_bg_color__hover_enabled=&#8221;on|hover&#8221; button_bg_color__hover=&#8221;#000000&#8243; button_bg_enable_color__hover=&#8221;on&#8221; border_color_all__hover_enabled=&#8221;on|hover&#8221; border_color_all__hover=&#8221;#000000&#8243; button_text_color__hover_enabled=&#8221;on|hover&#8221; button_text_color__hover=&#8221;#FFFFFF&#8221; button_bg_enable_color=&#8221;on&#8221; sticky_enabled=&#8221;0&#8243;][\/dipl_button_item][\/dipl_button][\/et_pb_column][\/et_pb_row][\/et_pb_section]<\/p>\n","protected":false},"excerpt":{"rendered":"<p>Collectif NVES Nous rejoindreVous cherchez une activit\u00e9 b\u00e9n\u00e9vole \u00e9panouissante ? Le Collectif &#8220;Nous vieillirons ensemble dans le Saintois&#8221; a besoin de vous ! En donnant un peu de votre temps libre, vous apporterez \u00e9changes et moments de partage \u00e0 ceux qui en ont le plus besoin. Que vous disposiez d&#8217;1h par semaine ou plus, votre [&hellip;]<\/p>\n","protected":false},"author":1,"featured_media":0,"parent":0,"menu_order":0,"comment_status":"closed","ping_status":"closed","template":"","meta":{"_acf_changed":false,"_et_pb_use_builder":"on","_et_pb_old_content":"","_et_gb_content_width":"","footnotes":""},"dipi_cpt_category":[],"difl_page_category":[],"class_list":["post-750","page","type-page","status-publish","hentry"],"acf":[],"_links":{"self":[{"href":"https:\/\/nves.fmcreation.net\/nves\/wp-json\/wp\/v2\/pages\/750","targetHints":{"allow":["GET"]}}],"collection":[{"href":"https:\/\/nves.fmcreation.net\/nves\/wp-json\/wp\/v2\/pages"}],"about":[{"href":"https:\/\/nves.fmcreation.net\/nves\/wp-json\/wp\/v2\/types\/page"}],"author":[{"embeddable":true,"href":"https:\/\/nves.fmcreation.net\/nves\/wp-json\/wp\/v2\/users\/1"}],"replies":[{"embeddable":true,"href":"https:\/\/nves.fmcreation.net\/nves\/wp-json\/wp\/v2\/comments?post=750"}],"version-history":[{"count":0,"href":"https:\/\/nves.fmcreation.net\/nves\/wp-json\/wp\/v2\/pages\/750\/revisions"}],"wp:attachment":[{"href":"https:\/\/nves.fmcreation.net\/nves\/wp-json\/wp\/v2\/media?parent=750"}],"wp:term":[{"taxonomy":"dipi_cpt_category","embeddable":true,"href":"https:\/\/nves.fmcreation.net\/nves\/wp-json\/wp\/v2\/dipi_cpt_category?post=750"},{"taxonomy":"difl_page_category","embeddable":true,"href":"https:\/\/nves.fmcreation.net\/nves\/wp-json\/wp\/v2\/difl_page_category?post=750"}],"curies":[{"name":"wp","href":"https:\/\/api.w.org\/{rel}","templated":true}]}}