{"id":744,"date":"2025-08-19T18:27:31","date_gmt":"2025-08-19T16:27:31","guid":{"rendered":"https:\/\/nves.fmcreation.net\/nves\/?page_id=744"},"modified":"2025-09-05T12:19:46","modified_gmt":"2025-09-05T10:19:46","slug":"liens-utiles","status":"publish","type":"page","link":"https:\/\/nves.fmcreation.net\/nves\/liens-utiles\/","title":{"rendered":"Liens utiles"},"content":{"rendered":"<p>[et_pb_section fb_built=&#8221;1&#8243; _builder_version=&#8221;4.27.4&#8243; _module_preset=&#8221;default&#8221; background_color=&#8221;RGBA(255,255,255,0)&#8221; background_enable_color=&#8221;off&#8221; background_image=&#8221;https:\/\/nves.fmcreation.net\/nves\/wp-content\/uploads\/2025\/08\/liens-header-scaled.webp&#8221; custom_padding=&#8221;110px||56px|||&#8221; background_last_edited=&#8221;off|desktop&#8221; background_image_phone=&#8221;https:\/\/nves.fmcreation.net\/nves\/wp-content\/uploads\/2025\/08\/header-nves-tel.webp&#8221; background_enable_image_phone=&#8221;on&#8221; locked=&#8221;off&#8221; global_colors_info=&#8221;{}&#8221;][et_pb_row custom_padding_last_edited=&#8221;on|phone&#8221; _builder_version=&#8221;4.27.4&#8243; _module_preset=&#8221;default&#8221; background_color=&#8221;RGBA(255,255,255,0)&#8221; width=&#8221;90%&#8221; max_width=&#8221;1380px&#8221; custom_margin=&#8221;|auto||auto|false|false&#8221; custom_margin_tablet=&#8221;||||false|false&#8221; custom_margin_phone=&#8221;10vh||||false|false&#8221; custom_margin_last_edited=&#8221;on|desktop&#8221; custom_padding=&#8221;||16px||false|false&#8221; custom_padding_tablet=&#8221;||||false|false&#8221; custom_padding_phone=&#8221;|25px||25px|false|false&#8221; background_last_edited=&#8221;on|phone&#8221; background_enable_color_phone=&#8221;off&#8221; use_background_color_gradient_phone=&#8221;on&#8221; background_color_gradient_stops_phone=&#8221;#ffffff 17%|rgba(41,196,169,0) 99%&#8221; global_colors_info=&#8221;{}&#8221;][et_pb_column type=&#8221;4_4&#8243; _builder_version=&#8221;4.27.4&#8243; _module_preset=&#8221;default&#8221; global_colors_info=&#8221;{}&#8221;][et_pb_text _builder_version=&#8221;4.27.4&#8243; _module_preset=&#8221;default&#8221; header_font=&#8221;Philosopher||||||||&#8221; header_text_color=&#8221;#a1c037&#8243; header_font_size=&#8221;55px&#8221; header_line_height=&#8221;1.1em&#8221; header_2_font=&#8221;Philosopher||||||||&#8221; header_2_font_size=&#8221;30px&#8221; header_2_line_height=&#8221;1.6em&#8221; custom_margin=&#8221;||9px|||&#8221; header_font_size_tablet=&#8221;55px&#8221; header_font_size_phone=&#8221;40px&#8221; header_font_size_last_edited=&#8221;on|phone&#8221; header_line_height_tablet=&#8221;1.1em&#8221; header_line_height_phone=&#8221;1.1em&#8221; header_line_height_last_edited=&#8221;on|desktop&#8221; header_2_font_size_tablet=&#8221;30px&#8221; header_2_font_size_phone=&#8221;25px&#8221; header_2_font_size_last_edited=&#8221;on|phone&#8221; global_colors_info=&#8221;{}&#8221;]<\/p>\n<h2><span style=\"color: #000;\">Collectif NVES<\/span><\/h2>\n<h1>L<span style=\"color: #000000;\">iens utiles<\/span><\/h1>\n<p>[\/et_pb_text][et_pb_divider _builder_version=&#8221;4.27.4&#8243; _module_preset=&#8221;default&#8221; max_width=&#8221;400px&#8221; custom_margin=&#8221;||19px|||&#8221; global_colors_info=&#8221;{}&#8221;][\/et_pb_divider][\/et_pb_column][\/et_pb_row][\/et_pb_section][et_pb_section fb_built=&#8221;1&#8243; _builder_version=&#8221;4.27.4&#8243; _module_preset=&#8221;default&#8221; background_color=&#8221;#FFFFFF&#8221; background_image=&#8221;https:\/\/nves.fmcreation.net\/nves\/wp-content\/uploads\/2025\/08\/fond-saintois.webp&#8221; parallax=&#8221;on&#8221; parallax_method=&#8221;off&#8221; custom_padding=&#8221;21px|||||&#8221; locked=&#8221;off&#8221; global_colors_info=&#8221;{}&#8221;][et_pb_row _builder_version=&#8221;4.27.4&#8243; _module_preset=&#8221;default&#8221; width=&#8221;90%&#8221; max_width=&#8221;1000px&#8221; custom_padding=&#8221;27px|||||&#8221; locked=&#8221;off&#8221; global_colors_info=&#8221;{}&#8221;][et_pb_column type=&#8221;4_4&#8243; _builder_version=&#8221;4.27.4&#8243; _module_preset=&#8221;default&#8221; global_colors_info=&#8221;{}&#8221;][et_pb_text admin_label=&#8221;Notre actualit\u00e9&#8221; _builder_version=&#8221;4.27.4&#8243; _module_preset=&#8221;default&#8221; header_text_color=&#8221;#242632&#8243; header_2_font=&#8221;|300|||||||&#8221; header_2_text_color=&#8221;#000000&#8243; header_2_font_size=&#8221;50px&#8221; header_2_line_height=&#8221;1.2em&#8221; background_layout=&#8221;dark&#8221; width_tablet=&#8221;200%&#8221; width_phone=&#8221;80vw&#8221; width_last_edited=&#8221;off|desktop&#8221; custom_margin_tablet=&#8221;29px|||30px|false|false&#8221; custom_margin_phone=&#8221;|||0px|false|false&#8221; custom_margin_last_edited=&#8221;off|desktop&#8221; header_2_font_size_tablet=&#8221;50px&#8221; header_2_font_size_phone=&#8221;45px&#8221; header_2_font_size_last_edited=&#8221;on|phone&#8221; border_width_bottom=&#8221;1px&#8221; border_color_bottom=&#8221;#000000&#8243; global_colors_info=&#8221;{}&#8221;]<\/p>\n<h2>Liens <strong>utiles<\/strong><\/h2>\n<p>[\/et_pb_text][et_pb_text _builder_version=&#8221;4.27.4&#8243; _module_preset=&#8221;default&#8221; global_colors_info=&#8221;{}&#8221;]<\/p>\n<p><span style=\"text-decoration: underline;\"><strong>Conseil d\u00e9partemental 54 :<\/strong><\/span> <a href=\"https:\/\/www.meurthe-et-moselle.fr\" target=\"_blank\" rel=\"noopener\">https:\/\/www.meurthe-et-moselle.fr<\/a><\/p>\n<p><span style=\"text-decoration: underline;\"><strong>Dossier APA :<\/strong><\/span> t\u00e9l\u00e9charger la derni\u00e8re version du dossier <a href=\"https:\/\/www.meurthe-et-moselle.fr\/actions\/personnes-agees-laction-du-departement\/lallocation-personnalisee-dautonomie-apa\" target=\"_blank\" rel=\"noopener\">-&gt; ici &lt;-<\/a><\/p>\n<p><span style=\"text-decoration: underline;\"><strong>Communaut\u00e9 de Communes du Pays du Saintois :<\/strong><\/span> <a href=\"https:\/\/www.ccpaysdusaintois.fr\">https:\/\/www.ccpaysdusaintois.fr<\/a><\/p>\n<p><span style=\"text-decoration: underline;\"><strong>\u200bRelais famille du Saintois :<\/strong><\/span> 03 83 53 39 08 |\u00a0 2 rue Jean-Baptiste Salle 54330 V\u00e9zelise | <a href=\"https:\/\/www.facebook.com\/RelaisFamillesDuSaintois\" target=\"_blank\" rel=\"noopener\">Site internet<\/a><\/p>\n<p><span style=\"text-decoration: underline;\"><strong>Agence r\u00e9gionale de Sant\u00e9 Grand Est :<\/strong><\/span> <a href=\"https:\/\/www.grand-est.ars.sante.fr\" target=\"_blank\" rel=\"noopener\">https:\/\/www.grand-est.ars.sante.fr<\/a><\/p>\n<p>[\/et_pb_text][\/et_pb_column][\/et_pb_row][\/et_pb_section]<\/p>\n","protected":false},"excerpt":{"rendered":"<p>Collectif NVES Liens utilesLiens utilesConseil d\u00e9partemental 54 : https:\/\/www.meurthe-et-moselle.fr Dossier APA : t\u00e9l\u00e9charger la derni\u00e8re version du dossier -&gt; ici &lt;- Communaut\u00e9 de Communes du Pays du Saintois : https:\/\/www.ccpaysdusaintois.fr \u200bRelais famille du Saintois : 03 83 53 39 08 |\u00a0 2 rue Jean-Baptiste Salle 54330 V\u00e9zelise | Site internet Agence r\u00e9gionale de Sant\u00e9 Grand [&hellip;]<\/p>\n","protected":false},"author":1,"featured_media":0,"parent":0,"menu_order":0,"comment_status":"closed","ping_status":"closed","template":"","meta":{"_acf_changed":false,"_et_pb_use_builder":"on","_et_pb_old_content":"","_et_gb_content_width":"","footnotes":""},"dipi_cpt_category":[],"difl_page_category":[],"class_list":["post-744","page","type-page","status-publish","hentry"],"acf":[],"_links":{"self":[{"href":"https:\/\/nves.fmcreation.net\/nves\/wp-json\/wp\/v2\/pages\/744","targetHints":{"allow":["GET"]}}],"collection":[{"href":"https:\/\/nves.fmcreation.net\/nves\/wp-json\/wp\/v2\/pages"}],"about":[{"href":"https:\/\/nves.fmcreation.net\/nves\/wp-json\/wp\/v2\/types\/page"}],"author":[{"embeddable":true,"href":"https:\/\/nves.fmcreation.net\/nves\/wp-json\/wp\/v2\/users\/1"}],"replies":[{"embeddable":true,"href":"https:\/\/nves.fmcreation.net\/nves\/wp-json\/wp\/v2\/comments?post=744"}],"version-history":[{"count":1,"href":"https:\/\/nves.fmcreation.net\/nves\/wp-json\/wp\/v2\/pages\/744\/revisions"}],"predecessor-version":[{"id":1018,"href":"https:\/\/nves.fmcreation.net\/nves\/wp-json\/wp\/v2\/pages\/744\/revisions\/1018"}],"wp:attachment":[{"href":"https:\/\/nves.fmcreation.net\/nves\/wp-json\/wp\/v2\/media?parent=744"}],"wp:term":[{"taxonomy":"dipi_cpt_category","embeddable":true,"href":"https:\/\/nves.fmcreation.net\/nves\/wp-json\/wp\/v2\/dipi_cpt_category?post=744"},{"taxonomy":"difl_page_category","embeddable":true,"href":"https:\/\/nves.fmcreation.net\/nves\/wp-json\/wp\/v2\/difl_page_category?post=744"}],"curies":[{"name":"wp","href":"https:\/\/api.w.org\/{rel}","templated":true}]}}