{"id":2,"date":"2025-07-31T10:57:02","date_gmt":"2025-07-31T08:57:02","guid":{"rendered":"https:\/\/nves.fmcreation.net\/nves\/nves\/?page_id=2"},"modified":"2025-08-19T17:32:23","modified_gmt":"2025-08-19T15:32:23","slug":"nos-actualites","status":"publish","type":"page","link":"https:\/\/nves.fmcreation.net\/nves\/nos-actualites\/","title":{"rendered":"Actualit\u00e9s"},"content":{"rendered":"<p>[et_pb_section fb_built=&#8221;1&#8243; _builder_version=&#8221;4.27.4&#8243; _module_preset=&#8221;default&#8221; background_color=&#8221;RGBA(255,255,255,0)&#8221; background_enable_color=&#8221;off&#8221; background_image=&#8221;https:\/\/nves.fmcreation.net\/nves\/wp-content\/uploads\/2025\/08\/actualites-header-scaled.webp&#8221; custom_padding=&#8221;110px||56px|||&#8221; background_last_edited=&#8221;off|desktop&#8221; background_image_phone=&#8221;https:\/\/nves.fmcreation.net\/nves\/wp-content\/uploads\/2025\/08\/header-nves-tel.webp&#8221; background_enable_image_phone=&#8221;on&#8221; locked=&#8221;off&#8221; global_colors_info=&#8221;{}&#8221;][et_pb_row custom_padding_last_edited=&#8221;on|phone&#8221; _builder_version=&#8221;4.27.4&#8243; _module_preset=&#8221;default&#8221; background_color=&#8221;RGBA(255,255,255,0)&#8221; width=&#8221;90%&#8221; max_width=&#8221;1380px&#8221; custom_margin=&#8221;|auto||auto|false|false&#8221; custom_margin_tablet=&#8221;||||false|false&#8221; custom_margin_phone=&#8221;10vh||||false|false&#8221; custom_margin_last_edited=&#8221;on|desktop&#8221; custom_padding=&#8221;||16px||false|false&#8221; custom_padding_tablet=&#8221;||||false|false&#8221; custom_padding_phone=&#8221;|25px||25px|false|false&#8221; background_last_edited=&#8221;on|phone&#8221; background_enable_color_phone=&#8221;off&#8221; use_background_color_gradient_phone=&#8221;on&#8221; background_color_gradient_stops_phone=&#8221;#ffffff 17%|rgba(41,196,169,0) 99%&#8221; global_colors_info=&#8221;{}&#8221;][et_pb_column type=&#8221;4_4&#8243; _builder_version=&#8221;4.27.4&#8243; _module_preset=&#8221;default&#8221; global_colors_info=&#8221;{}&#8221;][et_pb_text _builder_version=&#8221;4.27.4&#8243; _module_preset=&#8221;default&#8221; header_font=&#8221;Philosopher||||||||&#8221; header_text_color=&#8221;#f18d35&#8243; header_font_size=&#8221;55px&#8221; header_line_height=&#8221;1.1em&#8221; header_2_font=&#8221;Philosopher||||||||&#8221; header_2_font_size=&#8221;30px&#8221; header_2_line_height=&#8221;1.6em&#8221; custom_margin=&#8221;||9px|||&#8221; header_font_size_tablet=&#8221;55px&#8221; header_font_size_phone=&#8221;40px&#8221; header_font_size_last_edited=&#8221;on|phone&#8221; header_line_height_tablet=&#8221;1.1em&#8221; header_line_height_phone=&#8221;1.1em&#8221; header_line_height_last_edited=&#8221;on|desktop&#8221; header_2_font_size_tablet=&#8221;30px&#8221; header_2_font_size_phone=&#8221;25px&#8221; header_2_font_size_last_edited=&#8221;on|phone&#8221; global_colors_info=&#8221;{}&#8221;]<\/p>\n<h2><span style=\"color: #000;\">Collectif NVES<\/span><\/h2>\n<h1>A<span style=\"color: #000000;\">ctualit\u00e9s<\/span><\/h1>\n<p>[\/et_pb_text][et_pb_divider _builder_version=&#8221;4.27.4&#8243; _module_preset=&#8221;default&#8221; max_width=&#8221;400px&#8221; custom_margin=&#8221;||19px|||&#8221; global_colors_info=&#8221;{}&#8221;][\/et_pb_divider][\/et_pb_column][\/et_pb_row][\/et_pb_section][et_pb_section fb_built=&#8221;1&#8243; _builder_version=&#8221;4.27.4&#8243; _module_preset=&#8221;default&#8221; background_color=&#8221;#FFFFFF&#8221; background_image=&#8221;https:\/\/nves.fmcreation.net\/nves\/wp-content\/uploads\/2025\/08\/fond-saintois.webp&#8221; parallax=&#8221;on&#8221; parallax_method=&#8221;off&#8221; custom_padding=&#8221;21px|||||&#8221; locked=&#8221;off&#8221; global_colors_info=&#8221;{}&#8221;][et_pb_row _builder_version=&#8221;4.27.4&#8243; _module_preset=&#8221;default&#8221; width=&#8221;90%&#8221; max_width=&#8221;1400px&#8221; custom_padding=&#8221;27px|||||&#8221; locked=&#8221;off&#8221; global_colors_info=&#8221;{}&#8221;][et_pb_column type=&#8221;4_4&#8243; _builder_version=&#8221;4.27.4&#8243; _module_preset=&#8221;default&#8221; global_colors_info=&#8221;{}&#8221;][et_pb_text admin_label=&#8221;Notre actualit\u00e9&#8221; _builder_version=&#8221;4.27.4&#8243; _module_preset=&#8221;default&#8221; header_text_color=&#8221;#242632&#8243; header_2_font=&#8221;|300|||||||&#8221; header_2_text_color=&#8221;#000000&#8243; header_2_font_size=&#8221;50px&#8221; header_2_line_height=&#8221;1.2em&#8221; background_layout=&#8221;dark&#8221; width_tablet=&#8221;200%&#8221; width_phone=&#8221;80vw&#8221; width_last_edited=&#8221;off|desktop&#8221; custom_margin_tablet=&#8221;29px|||30px|false|false&#8221; custom_margin_phone=&#8221;|||0px|false|false&#8221; custom_margin_last_edited=&#8221;off|desktop&#8221; header_2_font_size_tablet=&#8221;50px&#8221; header_2_font_size_phone=&#8221;45px&#8221; header_2_font_size_last_edited=&#8221;on|phone&#8221; border_width_bottom=&#8221;1px&#8221; border_color_bottom=&#8221;#000000&#8243; global_colors_info=&#8221;{}&#8221;]<\/p>\n<h2>Notre <strong>actualit\u00e9<\/strong><\/h2>\n<p>[\/et_pb_text][difl_postgrid posts_number=&#8221;60&#8243; alignment=&#8221;center&#8221; item_background_bgcolor=&#8221;#FFFFFF&#8221; column_tablet=&#8221;2&#8243; column_phone=&#8221;1&#8243; column_last_edited=&#8221;on|tablet&#8221; _builder_version=&#8221;4.27.4&#8243; _module_preset=&#8221;default&#8221; background_enable_color=&#8221;off&#8221; border_width_all_item_outer=&#8221;1px&#8221; border_color_all_item_outer=&#8221;#e8e8e8&#8243; global_colors_info=&#8221;{}&#8221;][difl_postitem type=&#8221;image&#8221; element_margin=&#8221;||0px||false|false&#8221; element_padding=&#8221;||0px||false|false&#8221; _builder_version=&#8221;4.27.4&#8243; _module_preset=&#8221;default&#8221; background_color=&#8221;#FFFFFF&#8221; background_enable_color=&#8221;on&#8221; global_colors_info=&#8221;{}&#8221;][\/difl_postitem][difl_postitem type=&#8221;title&#8221; title_tag=&#8221;h3&#8243; element_margin=&#8221;0px|0px|0px|0px|false|false&#8221; element_padding=&#8221;20px|30px|20px|30px|false|false&#8221; _builder_version=&#8221;4.27.4&#8243; _module_preset=&#8221;default&#8221; post_font_style_font=&#8221;Philosopher|300|||||||&#8221; post_font_style_text_color=&#8221;#000000&#8243; post_font_style_font_size=&#8221;22px&#8221; background_color=&#8221;#f9f9f9&#8243; background_enable_color=&#8221;on&#8221; text_orientation=&#8221;left&#8221; global_colors_info=&#8221;{}&#8221;][\/difl_postitem][difl_postitem type=&#8221;content&#8221; use_post_excrpt=&#8221;on&#8221; excerpt_length=&#8221;120&#8243; element_margin=&#8221;0px|0px|0px|0px|false|false&#8221; element_padding=&#8221;20px|30px|20px|30px|false|false&#8221; _builder_version=&#8221;4.27.4&#8243; _module_preset=&#8221;default&#8221; post_font_style_text_align=&#8221;left&#8221; post_font_style_font_size=&#8221;14px&#8221; text_orientation=&#8221;left&#8221; global_colors_info=&#8221;{}&#8221;][\/difl_postitem][difl_postitem type=&#8221;button&#8221; read_more_text=&#8221;Lire l&#8217;article&#8221; element_margin=&#8221;0px|0px|0px|0px|false|false&#8221; element_padding=&#8221;10px||10px||false|false&#8221; button_margin=&#8221;||||false|false&#8221; _builder_version=&#8221;4.27.4&#8243; _module_preset=&#8221;default&#8221; post_font_style_font=&#8221;|||on|||||&#8221; post_font_style_text_align=&#8221;center&#8221; post_font_style_text_color=&#8221;#FFFFFF&#8221; post_font_style_font_size=&#8221;14px&#8221; background_color=&#8221;#f18d35&#8243; background_enable_color=&#8221;on&#8221; text_orientation=&#8221;center&#8221; global_colors_info=&#8221;{}&#8221; background__hover_enabled=&#8221;on|hover&#8221; background_color__hover=&#8221;#894d93&#8243; background_enable_color__hover=&#8221;on&#8221;][\/difl_postitem][\/difl_postgrid][\/et_pb_column][\/et_pb_row][et_pb_row _builder_version=&#8221;4.27.4&#8243; _module_preset=&#8221;default&#8221; width=&#8221;90%&#8221; max_width=&#8221;1400px&#8221; custom_padding=&#8221;57px|||||&#8221; locked=&#8221;off&#8221; global_colors_info=&#8221;{}&#8221;][et_pb_column type=&#8221;4_4&#8243; _builder_version=&#8221;4.27.4&#8243; _module_preset=&#8221;default&#8221; global_colors_info=&#8221;{}&#8221;][et_pb_text admin_label=&#8221;Nos prochaines actions&#8221; _builder_version=&#8221;4.27.4&#8243; _module_preset=&#8221;default&#8221; header_text_color=&#8221;#242632&#8243; header_2_font=&#8221;|300|||||||&#8221; header_2_text_color=&#8221;#000000&#8243; header_2_font_size=&#8221;50px&#8221; header_2_line_height=&#8221;1.2em&#8221; width_tablet=&#8221;200%&#8221; width_phone=&#8221;80vw&#8221; width_last_edited=&#8221;off|desktop&#8221; custom_margin_tablet=&#8221;29px|||30px|false|false&#8221; custom_margin_phone=&#8221;|||0px|false|false&#8221; custom_margin_last_edited=&#8221;off|desktop&#8221; header_2_font_size_tablet=&#8221;50px&#8221; header_2_font_size_phone=&#8221;45px&#8221; header_2_font_size_last_edited=&#8221;on|phone&#8221; border_width_bottom=&#8221;1px&#8221; border_color_bottom=&#8221;#000000&#8243; global_colors_info=&#8221;{}&#8221;]<\/p>\n<h2>Nos prochaines <strong>actions<\/strong><\/h2>\n<p>[\/et_pb_text][et_pb_text admin_label=&#8221;Agenda&#8221; _builder_version=&#8221;4.27.4&#8243; _module_preset=&#8221;default&#8221; text_text_color=&#8221;#000000&#8243; header_4_font=&#8221;&#8211;et_global_heading_font||||||||&#8221; custom_css_free_form=&#8221;selector .mec-masonry-content.mec-event-grid-modern .mec-event-description {||  color: #000 ;||    padding-top: 0px;||}||selector .mec-masonry .mec-masonry-col6 .mec-event-month, selector .mec-masonry .mec-masonry-col6 h6 {||    text-transform: capitalize;||    font-size: 16px;||    padding: 4px 0;||    display: inline;||    color: #000;||}||||selector .mec-masonry .mec-masonry-col6 .mec-event-detail, selector .mec-masonry .mec-masonry-col6 address {||    font-size: 14px;||    margin-bottom: 0;||    color: #000;||}||||selector .mec-masonry .mec-events-content p {||    color: #000;||    margin-bottom: 0px;||}||selector .mec-masonry .mec-masonry-col6 h6 {||line-height: 1em;||  }&#8221; global_colors_info=&#8221;{}&#8221;]<div class=\"mec-wrap mec-skin-masonry-container  colorskin-custom  \" id=\"mec_skin_693\" data-filterby=\"\" data-sortascending=\"1\">\r\n    \r\n        <div class=\"mec-skin-masonry-events-container\" id=\"mec_skin_events_693\">\r\n        Aucun \u00e9v\u00e9nement n'a \u00e9t\u00e9 trouv\u00e9.    <\/div>\r\n    \r\n    <\/div>\r\n[\/et_pb_text][dipl_button _builder_version=&#8221;4.27.4&#8243; _module_preset=&#8221;default&#8221; button_letter_spacing=&#8221;0.2px&#8221; border_color_all_last_edited=&#8221;off|phone&#8221; locked=&#8221;off&#8221; global_colors_info=&#8221;{}&#8221; button_text_color__hover_enabled=&#8221;off|desktop&#8221; button_text_color__hover=&#8221;#000000&#8243; border_color_all__hover_enabled=&#8221;off|desktop&#8221; border_color_all__hover=&#8221;#000000&#8243;][dipl_button_item button_text=&#8221;D\u00e9couvrir toutes nos actions&#8221; button_url=&#8221;@ET-DC@eyJkeW5hbWljIjp0cnVlLCJjb250ZW50IjoicG9zdF9saW5rX3VybF9wYWdlIiwic2V0dGluZ3MiOnsicG9zdF9pZCI6IjQ4MiJ9fQ==@&#8221; button_bg_color=&#8221;#3f9fdc&#8221; button_alignment=&#8221;center&#8221; button_custom_padding=&#8221;|30px||30px|false|false&#8221; button_alignment_tablet=&#8221;center&#8221; button_alignment_phone=&#8221;center&#8221; button_alignment_last_edited=&#8221;off|desktop&#8221; _builder_version=&#8221;4.27.4&#8243; _dynamic_attributes=&#8221;button_url&#8221; _module_preset=&#8221;default&#8221; button_font=&#8221;&#8211;et_global_body_font|||on|||||&#8221; button_text_color=&#8221;#FFFFFF&#8221; button_letter_spacing=&#8221;0px&#8221; text_orientation=&#8221;left&#8221; button_font_size_tablet=&#8221;&#8221; button_font_size_phone=&#8221;16px&#8221; button_font_size_last_edited=&#8221;on|phone&#8221; border_radii=&#8221;off|30px||30px|&#8221; border_width_all=&#8221;1px&#8221; border_color_all=&#8221;#3f9fdc&#8221; global_colors_info=&#8221;{}&#8221; button_bg_color__hover_enabled=&#8221;on|hover&#8221; button_bg_color__hover=&#8221;#000000&#8243; button_bg_enable_color__hover=&#8221;on&#8221; border_color_all__hover_enabled=&#8221;on|hover&#8221; border_color_all__hover=&#8221;#000000&#8243; button_text_color__hover_enabled=&#8221;on|hover&#8221; button_text_color__hover=&#8221;#FFFFFF&#8221;][\/dipl_button_item][\/dipl_button][\/et_pb_column][\/et_pb_row][\/et_pb_section]<\/p>\n","protected":false},"excerpt":{"rendered":"<p>Collectif NVES Actualit\u00e9sNotre actualit\u00e9<div class=\"et_pb_with_border et_pb_module difl_postgrid difl_postgrid_0\">\n\t\t\t\t\n\t\t\t\t\n\t\t\t\t\n\t\t\t\t\n\t\t\t\t\n\t\t\t\t\n\t\t\t\t<div class=\"et_pb_module_inner\">\n\t\t\t\t\t<h2 style=\"background:#eee; padding: 10px 20px;\">Please <strong>Add New Post Element.<\/strong><\/h2>\n\t\t\t\t<\/div>\n\t\t\t<\/div><div class=\"et_pb_module difl_postitem difl_postitem_0\">\n\t\t\t\t\n\t\t\t\t\n\t\t\t\t\n\t\t\t\t\n\t\t\t\t\n\t\t\t\t\n\t\t\t\t<div class=\"et_pb_module_inner\">\n\t\t\t\t\t\n\t\t\t\t<\/div>\n\t\t\t<\/div><div class=\"et_pb_module difl_postitem difl_postitem_1\">\n\t\t\t\t\n\t\t\t\t\n\t\t\t\t\n\t\t\t\t\n\t\t\t\t\n\t\t\t\t\n\t\t\t\t<div class=\"et_pb_module_inner\">\n\t\t\t\t\t\n\t\t\t\t<\/div>\n\t\t\t<\/div><div class=\"et_pb_module difl_postitem difl_postitem_2\">\n\t\t\t\t\n\t\t\t\t\n\t\t\t\t\n\t\t\t\t\n\t\t\t\t\n\t\t\t\t\n\t\t\t\t<div class=\"et_pb_module_inner\">\n\t\t\t\t\t\n\t\t\t\t<\/div>\n\t\t\t<\/div><div class=\"et_pb_module difl_postitem difl_postitem_3\">\n\t\t\t\t\n\t\t\t\t\n\t\t\t\t\n\t\t\t\t\n\t\t\t\t\n\t\t\t\t\n\t\t\t\t<div class=\"et_pb_module_inner\">\n\t\t\t\t\t\n\t\t\t\t<\/div>\n\t\t\t<\/div><\/p>\n","protected":false},"author":1,"featured_media":0,"parent":0,"menu_order":0,"comment_status":"closed","ping_status":"closed","template":"","meta":{"_acf_changed":false,"_et_pb_use_builder":"on","_et_pb_old_content":"","_et_gb_content_width":"","footnotes":""},"dipi_cpt_category":[],"difl_page_category":[],"class_list":["post-2","page","type-page","status-publish","hentry"],"acf":[],"_links":{"self":[{"href":"https:\/\/nves.fmcreation.net\/nves\/wp-json\/wp\/v2\/pages\/2","targetHints":{"allow":["GET"]}}],"collection":[{"href":"https:\/\/nves.fmcreation.net\/nves\/wp-json\/wp\/v2\/pages"}],"about":[{"href":"https:\/\/nves.fmcreation.net\/nves\/wp-json\/wp\/v2\/types\/page"}],"author":[{"embeddable":true,"href":"https:\/\/nves.fmcreation.net\/nves\/wp-json\/wp\/v2\/users\/1"}],"replies":[{"embeddable":true,"href":"https:\/\/nves.fmcreation.net\/nves\/wp-json\/wp\/v2\/comments?post=2"}],"version-history":[{"count":0,"href":"https:\/\/nves.fmcreation.net\/nves\/wp-json\/wp\/v2\/pages\/2\/revisions"}],"wp:attachment":[{"href":"https:\/\/nves.fmcreation.net\/nves\/wp-json\/wp\/v2\/media?parent=2"}],"wp:term":[{"taxonomy":"dipi_cpt_category","embeddable":true,"href":"https:\/\/nves.fmcreation.net\/nves\/wp-json\/wp\/v2\/dipi_cpt_category?post=2"},{"taxonomy":"difl_page_category","embeddable":true,"href":"https:\/\/nves.fmcreation.net\/nves\/wp-json\/wp\/v2\/difl_page_category?post=2"}],"curies":[{"name":"wp","href":"https:\/\/api.w.org\/{rel}","templated":true}]}}